{"id":928,"date":"2019-04-06T10:16:11","date_gmt":"2019-04-06T10:16:11","guid":{"rendered":"http:\/\/zetheme.com\/wordpress\/edubin\/?page_id=928"},"modified":"2023-12-08T19:27:48","modified_gmt":"2023-12-08T18:27:48","slug":"about-us","status":"publish","type":"page","link":"https:\/\/cinemaescola.com\/es\/about-us\/","title":{"rendered":"Nosotros"},"content":{"rendered":"<div data-elementor-type=\"wp-post\" data-elementor-id=\"928\" class=\"elementor elementor-928\" data-elementor-post-type=\"page\">\n\t\t\t\t\t\t<section class=\"elementor-section elementor-top-section elementor-element elementor-element-fec56cd elementor-section-boxed elementor-section-height-default elementor-section-height-default\" data-id=\"fec56cd\" data-element_type=\"section\" data-e-type=\"section\" data-settings=\"{&quot;background_background&quot;:&quot;classic&quot;}\">\n\t\t\t\t\t\t<div class=\"elementor-container elementor-column-gap-default\">\n\t\t\t\t\t<div class=\"elementor-column elementor-col-100 elementor-top-column elementor-element elementor-element-b433c02\" data-id=\"b433c02\" data-element_type=\"column\" data-e-type=\"column\">\n\t\t\t<div class=\"elementor-widget-wrap elementor-element-populated\">\n\t\t\t\t\t\t<section class=\"elementor-section elementor-inner-section elementor-element elementor-element-f9d8f56 elementor-section-boxed elementor-section-height-default elementor-section-height-default\" data-id=\"f9d8f56\" data-element_type=\"section\" data-e-type=\"section\">\n\t\t\t\t\t\t<div class=\"elementor-container elementor-column-gap-default\">\n\t\t\t\t\t<div class=\"elementor-column elementor-col-50 elementor-inner-column elementor-element elementor-element-7fc2f06\" data-id=\"7fc2f06\" data-element_type=\"column\" data-e-type=\"column\">\n\t\t\t<div class=\"elementor-widget-wrap elementor-element-populated\">\n\t\t\t\t\t\t<div class=\"elementor-element elementor-element-f88bef7 elementor-widget elementor-widget-heading\" data-id=\"f88bef7\" data-element_type=\"widget\" data-e-type=\"widget\" data-widget_type=\"heading.default\">\n\t\t\t\t<div class=\"elementor-widget-container\">\n\t\t\t\t\t<h2 class=\"elementor-heading-title elementor-size-default\">Nosotros<\/h2>\t\t\t\t<\/div>\n\t\t\t\t<\/div>\n\t\t\t\t<div class=\"elementor-element elementor-element-172c4a5 elementor-widget-divider--view-line elementor-widget elementor-widget-divider\" data-id=\"172c4a5\" data-element_type=\"widget\" data-e-type=\"widget\" data-widget_type=\"divider.default\">\n\t\t\t\t<div class=\"elementor-widget-container\">\n\t\t\t\t\t\t\t<div class=\"elementor-divider\">\n\t\t\t<span class=\"elementor-divider-separator\">\n\t\t\t\t\t\t<\/span>\n\t\t<\/div>\n\t\t\t\t\t\t<\/div>\n\t\t\t\t<\/div>\n\t\t\t\t<div class=\"elementor-element elementor-element-76a58b8 elementor-widget elementor-widget-heading\" data-id=\"76a58b8\" data-element_type=\"widget\" data-e-type=\"widget\" data-widget_type=\"heading.default\">\n\t\t\t\t<div class=\"elementor-widget-container\">\n\t\t\t\t\t<h2 class=\"elementor-heading-title elementor-size-default\">Bienvenidos a la escuela de Films en Off<\/h2>\t\t\t\t<\/div>\n\t\t\t\t<\/div>\n\t\t\t\t<div class=\"elementor-element elementor-element-8a0abbe elementor-widget elementor-widget-text-editor\" data-id=\"8a0abbe\" data-element_type=\"widget\" data-e-type=\"widget\" data-widget_type=\"text-editor.default\">\n\t\t\t\t<div class=\"elementor-widget-container\">\n\t\t\t\t\t\t\t\t\t<p class=\" translation-block\">Films en OFF somos una productora de cine independiente con diferentes cortometrajes, spots y videoclips producidos, que desde 2022 ofrecemos formaci\u00f3n para hacer llegar una visi\u00f3n del cine distinta.<\/p><p><br \/>Nuestro Taller de Cine se ha impartido tanto para ni\u00f1os como para adultos, y en ambos casos, sus participantes han disfrutado de esta experiencia inmersiva.<\/p>\t\t\t\t\t\t\t\t<\/div>\n\t\t\t\t<\/div>\n\t\t\t\t<div class=\"elementor-element elementor-element-24b8d35 elementor-align-left elementor-tablet-align-left elementor-mobile-align-left elementor-widget elementor-widget-button\" data-id=\"24b8d35\" data-element_type=\"widget\" data-e-type=\"widget\" data-widget_type=\"button.default\">\n\t\t\t\t<div class=\"elementor-widget-container\">\n\t\t\t\t\t\t\t\t\t<div class=\"elementor-button-wrapper\">\n\t\t\t\t\t<a class=\"elementor-button elementor-button-link elementor-size-sm\" href=\"#\">\n\t\t\t\t\t\t<span class=\"elementor-button-content-wrapper\">\n\t\t\t\t\t\t\t\t\t<span class=\"elementor-button-text\">filmsenoff.com<\/span>\n\t\t\t\t\t<\/span>\n\t\t\t\t\t<\/a>\n\t\t\t\t<\/div>\n\t\t\t\t\t\t\t\t<\/div>\n\t\t\t\t<\/div>\n\t\t\t\t\t<\/div>\n\t\t<\/div>\n\t\t\t\t<div class=\"elementor-column elementor-col-50 elementor-inner-column elementor-element elementor-element-4ca2c5c\" data-id=\"4ca2c5c\" data-element_type=\"column\" data-e-type=\"column\" data-settings=\"{&quot;background_background&quot;:&quot;classic&quot;}\">\n\t\t\t<div class=\"elementor-widget-wrap elementor-element-populated\">\n\t\t\t\t\t\t<div class=\"elementor-element elementor-element-c7814f5 elementor-widget elementor-widget-image\" data-id=\"c7814f5\" data-element_type=\"widget\" data-e-type=\"widget\" data-widget_type=\"image.default\">\n\t\t\t\t<div class=\"elementor-widget-container\">\n\t\t\t\t\t\t\t\t\t\t\t\t\t\t\t<img fetchpriority=\"high\" decoding=\"async\" width=\"300\" height=\"300\" src=\"https:\/\/cinemaescola.com\/wp-content\/uploads\/2023\/02\/Sin-titulo-1.jpg\" class=\"attachment-large size-large wp-image-9109\" alt=\"\" srcset=\"https:\/\/cinemaescola.com\/wp-content\/uploads\/2023\/02\/Sin-titulo-1.jpg 300w, https:\/\/cinemaescola.com\/wp-content\/uploads\/2023\/02\/Sin-titulo-1-150x150.jpg 150w, https:\/\/cinemaescola.com\/wp-content\/uploads\/2023\/02\/Sin-titulo-1-100x100.jpg 100w\" sizes=\"(max-width: 300px) 100vw, 300px\" \/>\t\t\t\t\t\t\t\t\t\t\t\t\t\t\t<\/div>\n\t\t\t\t<\/div>\n\t\t\t\t<div class=\"elementor-element elementor-element-7fcfbfe elementor-absolute elementor-widget-tablet__width-initial elementor-widget__width-initial elementor-widget elementor-widget-image\" data-id=\"7fcfbfe\" data-element_type=\"widget\" data-e-type=\"widget\" data-settings=\"{&quot;_position&quot;:&quot;absolute&quot;}\" data-widget_type=\"image.default\">\n\t\t\t\t<div class=\"elementor-widget-container\">\n\t\t\t\t\t\t\t\t\t\t\t\t\t\t\t<img decoding=\"async\" width=\"148\" height=\"155\" src=\"https:\/\/cinemaescola.com\/wp-content\/uploads\/2020\/06\/arroe-shape-1.png\" class=\"attachment-full size-full wp-image-6088\" alt=\"\" \/>\t\t\t\t\t\t\t\t\t\t\t\t\t\t\t<\/div>\n\t\t\t\t<\/div>\n\t\t\t\t<div class=\"elementor-element elementor-element-4e19a5e elementor-absolute elementor-widget-tablet__width-initial elementor-widget__width-initial elementor-widget elementor-widget-image\" data-id=\"4e19a5e\" data-element_type=\"widget\" data-e-type=\"widget\" data-settings=\"{&quot;_position&quot;:&quot;absolute&quot;}\" data-widget_type=\"image.default\">\n\t\t\t\t<div class=\"elementor-widget-container\">\n\t\t\t\t\t\t\t\t\t\t\t\t\t\t\t<img decoding=\"async\" width=\"73\" height=\"73\" src=\"https:\/\/cinemaescola.com\/wp-content\/uploads\/2019\/06\/round-shape-3.png\" class=\"attachment-large size-large wp-image-2592\" alt=\"\" \/>\t\t\t\t\t\t\t\t\t\t\t\t\t\t\t<\/div>\n\t\t\t\t<\/div>\n\t\t\t\t\t<\/div>\n\t\t<\/div>\n\t\t\t\t\t<\/div>\n\t\t<\/section>\n\t\t\t\t\t<\/div>\n\t\t<\/div>\n\t\t\t\t\t<\/div>\n\t\t<\/section>\n\t\t\t\t<section class=\"elementor-section elementor-top-section elementor-element elementor-element-29a8d04 elementor-section-boxed elementor-section-height-default elementor-section-height-default\" data-id=\"29a8d04\" data-element_type=\"section\" data-e-type=\"section\">\n\t\t\t\t\t\t<div class=\"elementor-container elementor-column-gap-default\">\n\t\t\t\t\t<div class=\"elementor-column elementor-col-100 elementor-top-column elementor-element elementor-element-c5ab940\" data-id=\"c5ab940\" data-element_type=\"column\" data-e-type=\"column\">\n\t\t\t<div class=\"elementor-widget-wrap elementor-element-populated\">\n\t\t\t\t\t\t<section class=\"elementor-section elementor-inner-section elementor-element elementor-element-389631a elementor-section-boxed elementor-section-height-default elementor-section-height-default\" data-id=\"389631a\" data-element_type=\"section\" data-e-type=\"section\">\n\t\t\t\t\t\t<div class=\"elementor-container elementor-column-gap-default\">\n\t\t\t\t\t<div class=\"elementor-column elementor-col-33 elementor-inner-column elementor-element elementor-element-c5ff5da\" data-id=\"c5ff5da\" data-element_type=\"column\" data-e-type=\"column\">\n\t\t\t<div class=\"elementor-widget-wrap elementor-element-populated\">\n\t\t\t\t\t\t<div class=\"elementor-element elementor-element-3900bbb edubin-title-align-left elementor-widget elementor-widget-section-title-addons\" data-id=\"3900bbb\" data-element_type=\"widget\" data-e-type=\"widget\" data-widget_type=\"section-title-addons.default\">\n\t\t\t\t<div class=\"elementor-widget-container\">\n\t\t\t\t\t            <div class=\"edubin-section-title edubin-subtitle-position-top title-style-one\">\n                <h2 class=\"section-title-txt\">Talleres inmersivos<\/h2><p class=\"section-subtitle-txt\">01<\/p>            <\/div>\n\n        \t\t\t\t<\/div>\n\t\t\t\t<\/div>\n\t\t\t\t<div class=\"elementor-element elementor-element-7c7a61d elementor-widget elementor-widget-text-editor\" data-id=\"7c7a61d\" data-element_type=\"widget\" data-e-type=\"widget\" data-widget_type=\"text-editor.default\">\n\t\t\t\t<div class=\"elementor-widget-container\">\n\t\t\t\t\t\t\t\t\t<p>Nuestros talleres son 100% pr\u00e1cticos y din\u00e1micos. Descubrir\u00e1s como se organiza un rodaje, y todo lo que conlleva, rodando tu propia escena.<\/p>\t\t\t\t\t\t\t\t<\/div>\n\t\t\t\t<\/div>\n\t\t\t\t\t<\/div>\n\t\t<\/div>\n\t\t\t\t<div class=\"elementor-column elementor-col-33 elementor-inner-column elementor-element elementor-element-0404c06\" data-id=\"0404c06\" data-element_type=\"column\" data-e-type=\"column\">\n\t\t\t<div class=\"elementor-widget-wrap elementor-element-populated\">\n\t\t\t\t\t\t<div class=\"elementor-element elementor-element-3445229 edubin-title-align-left elementor-widget elementor-widget-section-title-addons\" data-id=\"3445229\" data-element_type=\"widget\" data-e-type=\"widget\" data-widget_type=\"section-title-addons.default\">\n\t\t\t\t<div class=\"elementor-widget-container\">\n\t\t\t\t\t            <div class=\"edubin-section-title edubin-subtitle-position-top title-style-one\">\n                <h2 class=\"section-title-txt\">Festival de cortometrajes<\/h2><p class=\"section-subtitle-txt\">02<\/p>            <\/div>\n\n        \t\t\t\t<\/div>\n\t\t\t\t<\/div>\n\t\t\t\t<div class=\"elementor-element elementor-element-a5d6652 elementor-widget elementor-widget-text-editor\" data-id=\"a5d6652\" data-element_type=\"widget\" data-e-type=\"widget\" data-widget_type=\"text-editor.default\">\n\t\t\t\t<div class=\"elementor-widget-container\">\n\t\t\t\t\t\t\t\t\t<p>Nuestra misi\u00f3n es llevar el cine de autor a todos los rincones y hacer difusi\u00f3n de \u00e9l. Por eso, cada a\u00f1o organizamos <a href=\"https:\/\/filmsenoff.com\/festival\/\">&#8220;La Mercantil En Off Film Festival&#8221;<\/a><\/p><p>\u00a0<\/p>\t\t\t\t\t\t\t\t<\/div>\n\t\t\t\t<\/div>\n\t\t\t\t\t<\/div>\n\t\t<\/div>\n\t\t\t\t<div class=\"elementor-column elementor-col-33 elementor-inner-column elementor-element elementor-element-7bbb603\" data-id=\"7bbb603\" data-element_type=\"column\" data-e-type=\"column\">\n\t\t\t<div class=\"elementor-widget-wrap elementor-element-populated\">\n\t\t\t\t\t\t<div class=\"elementor-element elementor-element-08c14b5 edubin-title-align-left elementor-widget elementor-widget-section-title-addons\" data-id=\"08c14b5\" data-element_type=\"widget\" data-e-type=\"widget\" data-widget_type=\"section-title-addons.default\">\n\t\t\t\t<div class=\"elementor-widget-container\">\n\t\t\t\t\t            <div class=\"edubin-section-title edubin-subtitle-position-top title-style-one\">\n                <h2 class=\"section-title-txt\">La productora<\/h2><p class=\"section-subtitle-txt\">03<\/p>            <\/div>\n\n        \t\t\t\t<\/div>\n\t\t\t\t<\/div>\n\t\t\t\t<div class=\"elementor-element elementor-element-4919ca7 elementor-widget elementor-widget-text-editor\" data-id=\"4919ca7\" data-element_type=\"widget\" data-e-type=\"widget\" data-widget_type=\"text-editor.default\">\n\t\t\t\t<div class=\"elementor-widget-container\">\n\t\t\t\t\t\t\t\t\t<p>La escuela de cine pertenece a nuestra productora \"Films en Off\". Una productora de cine independiente. Descubre <a href=\"https:\/\/filmsenoff.com\/es\/proyectos\/\">nuestros proyectos<\/a><\/p>\t\t\t\t\t\t\t\t<\/div>\n\t\t\t\t<\/div>\n\t\t\t\t\t<\/div>\n\t\t<\/div>\n\t\t\t\t\t<\/div>\n\t\t<\/section>\n\t\t\t\t\t<\/div>\n\t\t<\/div>\n\t\t\t\t\t<\/div>\n\t\t<\/section>\n\t\t\t\t<\/div>","protected":false},"excerpt":{"rendered":"<p>Nosaltres Benvinguts a l&#8217;escola de Films en Off Films en Off som una Productora de cinema independent amb diferents curtmetratges, spots i videoclips estrenats arreu, que des de 2022 oferim formaci\u00f3 per fer arribar una visi\u00f3 del cinema diferent. El nostre Taller de Cinematografia s\u2019ha [&hellip;]<\/p>","protected":false},"author":1,"featured_media":0,"parent":0,"menu_order":0,"comment_status":"closed","ping_status":"closed","template":"elementor_header_footer","meta":{"footnotes":""},"class_list":["post-928","page","type-page","status-publish","hentry"],"yoast_head":"<!-- This site is optimized with the Yoast SEO plugin v24.7 - https:\/\/yoast.com\/wordpress\/plugins\/seo\/ -->\n<title>Nosaltres - Escola de cinema<\/title>\n<meta name=\"robots\" content=\"index, follow, max-snippet:-1, max-image-preview:large, max-video-preview:-1\" \/>\n<link rel=\"canonical\" href=\"https:\/\/cinemaescola.com\/es\/about-us\/\" \/>\n<meta property=\"og:locale\" content=\"es_ES\" \/>\n<meta property=\"og:type\" content=\"article\" \/>\n<meta property=\"og:title\" content=\"Nosaltres - Escola de cinema\" \/>\n<meta property=\"og:description\" content=\"Nosaltres Benvinguts a l&#8217;escola de Films en Off Films en Off som una Productora de cinema independent amb diferents curtmetratges, spots i videoclips estrenats arreu, que des de 2022 oferim formaci\u00f3 per fer arribar una visi\u00f3 del cinema diferent. El nostre Taller de Cinematografia s\u2019ha [&hellip;]\" \/>\n<meta property=\"og:url\" content=\"https:\/\/cinemaescola.com\/es\/about-us\/\" \/>\n<meta property=\"og:site_name\" content=\"Escola de cinema\" \/>\n<meta property=\"article:modified_time\" content=\"2023-12-08T18:27:48+00:00\" \/>\n<meta property=\"og:image\" content=\"https:\/\/cinemaescola.com\/wp-content\/uploads\/2023\/02\/Sin-titulo-1.jpg\" \/>\n\t<meta property=\"og:image:width\" content=\"300\" \/>\n\t<meta property=\"og:image:height\" content=\"300\" \/>\n\t<meta property=\"og:image:type\" content=\"image\/jpeg\" \/>\n<meta name=\"twitter:card\" content=\"summary_large_image\" \/>\n<meta name=\"twitter:label1\" content=\"Tiempo de lectura\" \/>\n\t<meta name=\"twitter:data1\" content=\"1 minuto\" \/>\n<script type=\"application\/ld+json\" class=\"yoast-schema-graph\">{\"@context\":\"https:\/\/schema.org\",\"@graph\":[{\"@type\":\"WebPage\",\"@id\":\"https:\/\/cinemaescola.com\/about-us\/\",\"url\":\"https:\/\/cinemaescola.com\/about-us\/\",\"name\":\"Nosaltres - Escola de cinema\",\"isPartOf\":{\"@id\":\"https:\/\/cinemaescola.com\/#website\"},\"primaryImageOfPage\":{\"@id\":\"https:\/\/cinemaescola.com\/about-us\/#primaryimage\"},\"image\":{\"@id\":\"https:\/\/cinemaescola.com\/about-us\/#primaryimage\"},\"thumbnailUrl\":\"https:\/\/cinemaescola.com\/wp-content\/uploads\/2023\/02\/Sin-titulo-1.jpg\",\"datePublished\":\"2019-04-06T10:16:11+00:00\",\"dateModified\":\"2023-12-08T18:27:48+00:00\",\"breadcrumb\":{\"@id\":\"https:\/\/cinemaescola.com\/about-us\/#breadcrumb\"},\"inLanguage\":\"es\",\"potentialAction\":[{\"@type\":\"ReadAction\",\"target\":[\"https:\/\/cinemaescola.com\/about-us\/\"]}]},{\"@type\":\"ImageObject\",\"inLanguage\":\"es\",\"@id\":\"https:\/\/cinemaescola.com\/about-us\/#primaryimage\",\"url\":\"https:\/\/cinemaescola.com\/wp-content\/uploads\/2023\/02\/Sin-titulo-1.jpg\",\"contentUrl\":\"https:\/\/cinemaescola.com\/wp-content\/uploads\/2023\/02\/Sin-titulo-1.jpg\"},{\"@type\":\"BreadcrumbList\",\"@id\":\"https:\/\/cinemaescola.com\/about-us\/#breadcrumb\",\"itemListElement\":[{\"@type\":\"ListItem\",\"position\":1,\"name\":\"Portada\",\"item\":\"https:\/\/cinemaescola.com\/\"},{\"@type\":\"ListItem\",\"position\":2,\"name\":\"Nosaltres\"}]},{\"@type\":\"WebSite\",\"@id\":\"https:\/\/cinemaescola.com\/#website\",\"url\":\"https:\/\/cinemaescola.com\/\",\"name\":\"Escola de cinema\",\"description\":\"Cursos per iniciar-se en el m\u00f3n del cinema\",\"potentialAction\":[{\"@type\":\"SearchAction\",\"target\":{\"@type\":\"EntryPoint\",\"urlTemplate\":\"https:\/\/cinemaescola.com\/?s={search_term_string}\"},\"query-input\":{\"@type\":\"PropertyValueSpecification\",\"valueRequired\":true,\"valueName\":\"search_term_string\"}}],\"inLanguage\":\"es\"}]}<\/script>\n<!-- \/ Yoast SEO plugin. -->","yoast_head_json":{"title":"Nosaltres - Escola de cinema","robots":{"index":"index","follow":"follow","max-snippet":"max-snippet:-1","max-image-preview":"max-image-preview:large","max-video-preview":"max-video-preview:-1"},"canonical":"https:\/\/cinemaescola.com\/es\/about-us\/","og_locale":"es_ES","og_type":"article","og_title":"Nosaltres - Escola de cinema","og_description":"Nosaltres Benvinguts a l&#8217;escola de Films en Off Films en Off som una Productora de cinema independent amb diferents curtmetratges, spots i videoclips estrenats arreu, que des de 2022 oferim formaci\u00f3 per fer arribar una visi\u00f3 del cinema diferent. El nostre Taller de Cinematografia s\u2019ha [&hellip;]","og_url":"https:\/\/cinemaescola.com\/es\/about-us\/","og_site_name":"Escola de cinema","article_modified_time":"2023-12-08T18:27:48+00:00","og_image":[{"width":300,"height":300,"url":"https:\/\/cinemaescola.com\/wp-content\/uploads\/2023\/02\/Sin-titulo-1.jpg","type":"image\/jpeg"}],"twitter_card":"summary_large_image","twitter_misc":{"Tiempo de lectura":"1 minuto"},"schema":{"@context":"https:\/\/schema.org","@graph":[{"@type":"WebPage","@id":"https:\/\/cinemaescola.com\/about-us\/","url":"https:\/\/cinemaescola.com\/about-us\/","name":"Nosaltres - Escola de cinema","isPartOf":{"@id":"https:\/\/cinemaescola.com\/#website"},"primaryImageOfPage":{"@id":"https:\/\/cinemaescola.com\/about-us\/#primaryimage"},"image":{"@id":"https:\/\/cinemaescola.com\/about-us\/#primaryimage"},"thumbnailUrl":"https:\/\/cinemaescola.com\/wp-content\/uploads\/2023\/02\/Sin-titulo-1.jpg","datePublished":"2019-04-06T10:16:11+00:00","dateModified":"2023-12-08T18:27:48+00:00","breadcrumb":{"@id":"https:\/\/cinemaescola.com\/about-us\/#breadcrumb"},"inLanguage":"es","potentialAction":[{"@type":"ReadAction","target":["https:\/\/cinemaescola.com\/about-us\/"]}]},{"@type":"ImageObject","inLanguage":"es","@id":"https:\/\/cinemaescola.com\/about-us\/#primaryimage","url":"https:\/\/cinemaescola.com\/wp-content\/uploads\/2023\/02\/Sin-titulo-1.jpg","contentUrl":"https:\/\/cinemaescola.com\/wp-content\/uploads\/2023\/02\/Sin-titulo-1.jpg"},{"@type":"BreadcrumbList","@id":"https:\/\/cinemaescola.com\/about-us\/#breadcrumb","itemListElement":[{"@type":"ListItem","position":1,"name":"Portada","item":"https:\/\/cinemaescola.com\/"},{"@type":"ListItem","position":2,"name":"Nosaltres"}]},{"@type":"WebSite","@id":"https:\/\/cinemaescola.com\/#website","url":"https:\/\/cinemaescola.com\/","name":"Escola de cinema","description":"Cursos per iniciar-se en el m\u00f3n del cinema","potentialAction":[{"@type":"SearchAction","target":{"@type":"EntryPoint","urlTemplate":"https:\/\/cinemaescola.com\/?s={search_term_string}"},"query-input":{"@type":"PropertyValueSpecification","valueRequired":true,"valueName":"search_term_string"}}],"inLanguage":"es"}]}},"_links":{"self":[{"href":"https:\/\/cinemaescola.com\/es\/wp-json\/wp\/v2\/pages\/928","targetHints":{"allow":["GET"]}}],"collection":[{"href":"https:\/\/cinemaescola.com\/es\/wp-json\/wp\/v2\/pages"}],"about":[{"href":"https:\/\/cinemaescola.com\/es\/wp-json\/wp\/v2\/types\/page"}],"author":[{"embeddable":true,"href":"https:\/\/cinemaescola.com\/es\/wp-json\/wp\/v2\/users\/1"}],"replies":[{"embeddable":true,"href":"https:\/\/cinemaescola.com\/es\/wp-json\/wp\/v2\/comments?post=928"}],"version-history":[{"count":1,"href":"https:\/\/cinemaescola.com\/es\/wp-json\/wp\/v2\/pages\/928\/revisions"}],"predecessor-version":[{"id":11323,"href":"https:\/\/cinemaescola.com\/es\/wp-json\/wp\/v2\/pages\/928\/revisions\/11323"}],"wp:attachment":[{"href":"https:\/\/cinemaescola.com\/es\/wp-json\/wp\/v2\/media?parent=928"}],"curies":[{"name":"wp","href":"https:\/\/api.w.org\/{rel}","templated":true}]}}