{"id":9222,"date":"2023-02-15T08:59:28","date_gmt":"2023-02-15T08:59:28","guid":{"rendered":"https:\/\/cinemaescola.com\/?page_id=9222"},"modified":"2023-12-08T19:08:35","modified_gmt":"2023-12-08T18:08:35","slug":"taller-de-cinema","status":"publish","type":"page","link":"https:\/\/cinemaescola.com\/es\/taller-de-cinema\/","title":{"rendered":"Taller de cine"},"content":{"rendered":"<div data-elementor-type=\"wp-page\" data-elementor-id=\"9222\" class=\"elementor elementor-9222\" data-elementor-post-type=\"page\">\n\t\t\t\t\t\t<section class=\"elementor-section elementor-top-section elementor-element elementor-element-906ac97 elementor-section-boxed elementor-section-height-default elementor-section-height-default\" data-id=\"906ac97\" data-element_type=\"section\" data-e-type=\"section\">\n\t\t\t\t\t\t<div class=\"elementor-container elementor-column-gap-default\">\n\t\t\t\t\t<div class=\"elementor-column elementor-col-100 elementor-top-column elementor-element elementor-element-9156ffd\" data-id=\"9156ffd\" data-element_type=\"column\" data-e-type=\"column\">\n\t\t\t<div class=\"elementor-widget-wrap elementor-element-populated\">\n\t\t\t\t\t\t<section class=\"elementor-section elementor-inner-section elementor-element elementor-element-fb3d647 elementor-section-boxed elementor-section-height-default elementor-section-height-default\" data-id=\"fb3d647\" data-element_type=\"section\" data-e-type=\"section\" data-settings=\"{&quot;background_background&quot;:&quot;classic&quot;}\">\n\t\t\t\t\t\t<div class=\"elementor-container elementor-column-gap-default\">\n\t\t\t\t\t<div class=\"elementor-column elementor-col-50 elementor-inner-column elementor-element elementor-element-84e8e45\" data-id=\"84e8e45\" data-element_type=\"column\" data-e-type=\"column\" data-settings=\"{&quot;background_background&quot;:&quot;classic&quot;}\">\n\t\t\t<div class=\"elementor-widget-wrap elementor-element-populated\">\n\t\t\t\t\t\t<div class=\"elementor-element elementor-element-970d0de elementor-cta--skin-classic elementor-animated-content elementor-bg-transform elementor-bg-transform-zoom-in elementor-widget elementor-widget-call-to-action\" data-id=\"970d0de\" data-element_type=\"widget\" data-e-type=\"widget\" data-widget_type=\"call-to-action.default\">\n\t\t\t\t<div class=\"elementor-widget-container\">\n\t\t\t\t\t\t\t<div class=\"elementor-cta\">\n\t\t\t\t\t<div class=\"elementor-cta__bg-wrapper\">\n\t\t\t\t<div class=\"elementor-cta__bg elementor-bg\" style=\"background-image: url(https:\/\/cinemaescola.com\/wp-content\/uploads\/2023\/02\/IMG_2488-e1683547409812-1024x571.jpeg);\" role=\"img\" aria-label=\"Curs que s&#039;est\u00e0 duent a terme a l&#039;escola de cinema Films en Off. S&#039;est\u00e0 fent un taller de cinema per a escoles i instituts.\"><\/div>\n\t\t\t\t<div class=\"elementor-cta__bg-overlay\"><\/div>\n\t\t\t<\/div>\n\t\t\t\t\t\t\t<div class=\"elementor-cta__content\">\n\t\t\t\t\n\t\t\t\t\t\t\t\t\t<h2 class=\"elementor-cta__title elementor-cta__content-item elementor-content-item\">\n\t\t\t\t\t\tTaller de cine para centros<br>educativos e institutos\t\t\t\t\t<\/h2>\n\t\t\t\t\n\t\t\t\t\t\t\t\t\t<div class=\"elementor-cta__description elementor-cta__content-item elementor-content-item\">\n\t\t\t\t\t\tCinema Escola, es la escuela de cine de Films en Off, que lleva la experiencia del cine a las clases con un taller din\u00e1mico y muy pr\u00e1ctico, donde los alumnos podr\u00e1n grabar su propio guion cinematogr\u00e1fico.\t\t\t\t\t<\/div>\n\t\t\t\t\n\t\t\t\t\t\t\t\t\t<div class=\"elementor-cta__button-wrapper elementor-cta__content-item elementor-content-item\">\n\t\t\t\t\t<a class=\"elementor-cta__button elementor-button elementor-size-\" href=\"https:\/\/cinemaescola.com\/es\/taller-de-cinema-escoles-i-instituts\/\">\n\t\t\t\t\t\tDescubre m\u00e1s\t\t\t\t\t<\/a>\n\t\t\t\t\t<\/div>\n\t\t\t\t\t\t\t<\/div>\n\t\t\t\t\t\t<\/div>\n\t\t\t\t\t\t<\/div>\n\t\t\t\t<\/div>\n\t\t\t\t\t<\/div>\n\t\t<\/div>\n\t\t\t\t<div class=\"elementor-column elementor-col-50 elementor-inner-column elementor-element elementor-element-96f6230\" data-id=\"96f6230\" data-element_type=\"column\" data-e-type=\"column\" data-settings=\"{&quot;background_background&quot;:&quot;classic&quot;}\">\n\t\t\t<div class=\"elementor-widget-wrap elementor-element-populated\">\n\t\t\t\t\t\t<div class=\"elementor-element elementor-element-1985ac0 elementor-cta--skin-classic elementor-animated-content elementor-bg-transform elementor-bg-transform-zoom-in elementor-widget elementor-widget-call-to-action\" data-id=\"1985ac0\" data-element_type=\"widget\" data-e-type=\"widget\" data-widget_type=\"call-to-action.default\">\n\t\t\t\t<div class=\"elementor-widget-container\">\n\t\t\t\t\t\t\t<div class=\"elementor-cta\">\n\t\t\t\t\t<div class=\"elementor-cta__bg-wrapper\">\n\t\t\t\t<div class=\"elementor-cta__bg elementor-bg\" style=\"background-image: url(https:\/\/cinemaescola.com\/wp-content\/uploads\/2023\/02\/IMG_7859-scaled-e1683547481875-1024x445.jpeg);\" role=\"img\" aria-label=\"IMG_7859\"><\/div>\n\t\t\t\t<div class=\"elementor-cta__bg-overlay\"><\/div>\n\t\t\t<\/div>\n\t\t\t\t\t\t\t<div class=\"elementor-cta__content\">\n\t\t\t\t\n\t\t\t\t\t\t\t\t\t<h2 class=\"elementor-cta__title elementor-cta__content-item elementor-content-item\">\n\t\t\t\t\t\tTaller de cine para adultos y<br>grupos - Shooting Experience\t\t\t\t\t<\/h2>\n\t\t\t\t\n\t\t\t\t\t\t\t\t\t<div class=\"elementor-cta__description elementor-cta__content-item elementor-content-item\">\n\t\t\t\t\t\tPara grupos, empresas y entidades. Un taller experiencial donde los participantes aprender\u00e1n como se rueda una pel\u00edcula.\nTrabajaremos guion, interpretaci\u00f3n, improvisaci\u00f3n, c\u00e1mara, sonido, lenguaje cinematogr\u00e1fico...\t\t\t\t\t<\/div>\n\t\t\t\t\n\t\t\t\t\t\t\t\t\t<div class=\"elementor-cta__button-wrapper elementor-cta__content-item elementor-content-item\">\n\t\t\t\t\t<a class=\"elementor-cta__button elementor-button elementor-size-\" href=\"https:\/\/cinemaescola.com\/es\/shooting-experience\/\">\n\t\t\t\t\t\tDescubre m\u00e1s\t\t\t\t\t<\/a>\n\t\t\t\t\t<\/div>\n\t\t\t\t\t\t\t<\/div>\n\t\t\t\t\t\t<\/div>\n\t\t\t\t\t\t<\/div>\n\t\t\t\t<\/div>\n\t\t\t\t\t<\/div>\n\t\t<\/div>\n\t\t\t\t\t<\/div>\n\t\t<\/section>\n\t\t\t\t\t<\/div>\n\t\t<\/div>\n\t\t\t\t\t<\/div>\n\t\t<\/section>\n\t\t\t\t<\/div>","protected":false},"excerpt":{"rendered":"<p>Taller de cinema per centreseducatius i instituts Cinema Escola, l&#8217;escola de cinema de Films en Off, du l&#8217;experi\u00e8ncia del cinema a les aules amb un taller din\u00e0mic i molt pr\u00e0ctic, on els alumnes podran gravar el seu propi gui\u00f3 cinematogr\u00e0fic. Fes clic aqu\u00ed Taller de [&hellip;]<\/p>","protected":false},"author":1,"featured_media":0,"parent":0,"menu_order":0,"comment_status":"closed","ping_status":"closed","template":"","meta":{"footnotes":""},"class_list":["post-9222","page","type-page","status-publish","hentry"],"yoast_head":"<!-- This site is optimized with the Yoast SEO plugin v24.7 - https:\/\/yoast.com\/wordpress\/plugins\/seo\/ -->\n<title>Taller de cinema - Escola de cinema<\/title>\n<meta name=\"robots\" content=\"index, follow, max-snippet:-1, max-image-preview:large, max-video-preview:-1\" \/>\n<link rel=\"canonical\" href=\"https:\/\/cinemaescola.com\/es\/taller-de-cinema\/\" \/>\n<meta property=\"og:locale\" content=\"es_ES\" \/>\n<meta property=\"og:type\" content=\"article\" \/>\n<meta property=\"og:title\" content=\"Taller de cinema - Escola de cinema\" \/>\n<meta property=\"og:description\" content=\"Taller de cinema per centreseducatius i instituts Cinema Escola, l&#8217;escola de cinema de Films en Off, du l&#8217;experi\u00e8ncia del cinema a les aules amb un taller din\u00e0mic i molt pr\u00e0ctic, on els alumnes podran gravar el seu propi gui\u00f3 cinematogr\u00e0fic. Fes clic aqu\u00ed Taller de [&hellip;]\" \/>\n<meta property=\"og:url\" content=\"https:\/\/cinemaescola.com\/es\/taller-de-cinema\/\" \/>\n<meta property=\"og:site_name\" content=\"Escola de cinema\" \/>\n<meta property=\"article:modified_time\" content=\"2023-12-08T18:08:35+00:00\" \/>\n<meta name=\"twitter:card\" content=\"summary_large_image\" \/>\n<script type=\"application\/ld+json\" class=\"yoast-schema-graph\">{\"@context\":\"https:\/\/schema.org\",\"@graph\":[{\"@type\":\"WebPage\",\"@id\":\"https:\/\/cinemaescola.com\/es\/taller-de-cinema\/\",\"url\":\"https:\/\/cinemaescola.com\/es\/taller-de-cinema\/\",\"name\":\"Taller de cinema - Escola de cinema\",\"isPartOf\":{\"@id\":\"https:\/\/cinemaescola.com\/#website\"},\"datePublished\":\"2023-02-15T08:59:28+00:00\",\"dateModified\":\"2023-12-08T18:08:35+00:00\",\"breadcrumb\":{\"@id\":\"https:\/\/cinemaescola.com\/es\/taller-de-cinema\/#breadcrumb\"},\"inLanguage\":\"es\",\"potentialAction\":[{\"@type\":\"ReadAction\",\"target\":[\"https:\/\/cinemaescola.com\/es\/taller-de-cinema\/\"]}]},{\"@type\":\"BreadcrumbList\",\"@id\":\"https:\/\/cinemaescola.com\/es\/taller-de-cinema\/#breadcrumb\",\"itemListElement\":[{\"@type\":\"ListItem\",\"position\":1,\"name\":\"Portada\",\"item\":\"https:\/\/cinemaescola.com\/\"},{\"@type\":\"ListItem\",\"position\":2,\"name\":\"Taller de cinema\"}]},{\"@type\":\"WebSite\",\"@id\":\"https:\/\/cinemaescola.com\/#website\",\"url\":\"https:\/\/cinemaescola.com\/\",\"name\":\"Escola de cinema\",\"description\":\"Cursos per iniciar-se en el m\u00f3n del cinema\",\"potentialAction\":[{\"@type\":\"SearchAction\",\"target\":{\"@type\":\"EntryPoint\",\"urlTemplate\":\"https:\/\/cinemaescola.com\/?s={search_term_string}\"},\"query-input\":{\"@type\":\"PropertyValueSpecification\",\"valueRequired\":true,\"valueName\":\"search_term_string\"}}],\"inLanguage\":\"es\"}]}<\/script>\n<!-- \/ Yoast SEO plugin. -->","yoast_head_json":{"title":"Taller de cinema - Escola de cinema","robots":{"index":"index","follow":"follow","max-snippet":"max-snippet:-1","max-image-preview":"max-image-preview:large","max-video-preview":"max-video-preview:-1"},"canonical":"https:\/\/cinemaescola.com\/es\/taller-de-cinema\/","og_locale":"es_ES","og_type":"article","og_title":"Taller de cinema - Escola de cinema","og_description":"Taller de cinema per centreseducatius i instituts Cinema Escola, l&#8217;escola de cinema de Films en Off, du l&#8217;experi\u00e8ncia del cinema a les aules amb un taller din\u00e0mic i molt pr\u00e0ctic, on els alumnes podran gravar el seu propi gui\u00f3 cinematogr\u00e0fic. Fes clic aqu\u00ed Taller de [&hellip;]","og_url":"https:\/\/cinemaescola.com\/es\/taller-de-cinema\/","og_site_name":"Escola de cinema","article_modified_time":"2023-12-08T18:08:35+00:00","twitter_card":"summary_large_image","schema":{"@context":"https:\/\/schema.org","@graph":[{"@type":"WebPage","@id":"https:\/\/cinemaescola.com\/es\/taller-de-cinema\/","url":"https:\/\/cinemaescola.com\/es\/taller-de-cinema\/","name":"Taller de cinema - Escola de cinema","isPartOf":{"@id":"https:\/\/cinemaescola.com\/#website"},"datePublished":"2023-02-15T08:59:28+00:00","dateModified":"2023-12-08T18:08:35+00:00","breadcrumb":{"@id":"https:\/\/cinemaescola.com\/es\/taller-de-cinema\/#breadcrumb"},"inLanguage":"es","potentialAction":[{"@type":"ReadAction","target":["https:\/\/cinemaescola.com\/es\/taller-de-cinema\/"]}]},{"@type":"BreadcrumbList","@id":"https:\/\/cinemaescola.com\/es\/taller-de-cinema\/#breadcrumb","itemListElement":[{"@type":"ListItem","position":1,"name":"Portada","item":"https:\/\/cinemaescola.com\/"},{"@type":"ListItem","position":2,"name":"Taller de cinema"}]},{"@type":"WebSite","@id":"https:\/\/cinemaescola.com\/#website","url":"https:\/\/cinemaescola.com\/","name":"Escola de cinema","description":"Cursos per iniciar-se en el m\u00f3n del cinema","potentialAction":[{"@type":"SearchAction","target":{"@type":"EntryPoint","urlTemplate":"https:\/\/cinemaescola.com\/?s={search_term_string}"},"query-input":{"@type":"PropertyValueSpecification","valueRequired":true,"valueName":"search_term_string"}}],"inLanguage":"es"}]}},"_links":{"self":[{"href":"https:\/\/cinemaescola.com\/es\/wp-json\/wp\/v2\/pages\/9222","targetHints":{"allow":["GET"]}}],"collection":[{"href":"https:\/\/cinemaescola.com\/es\/wp-json\/wp\/v2\/pages"}],"about":[{"href":"https:\/\/cinemaescola.com\/es\/wp-json\/wp\/v2\/types\/page"}],"author":[{"embeddable":true,"href":"https:\/\/cinemaescola.com\/es\/wp-json\/wp\/v2\/users\/1"}],"replies":[{"embeddable":true,"href":"https:\/\/cinemaescola.com\/es\/wp-json\/wp\/v2\/comments?post=9222"}],"version-history":[{"count":1,"href":"https:\/\/cinemaescola.com\/es\/wp-json\/wp\/v2\/pages\/9222\/revisions"}],"predecessor-version":[{"id":11297,"href":"https:\/\/cinemaescola.com\/es\/wp-json\/wp\/v2\/pages\/9222\/revisions\/11297"}],"wp:attachment":[{"href":"https:\/\/cinemaescola.com\/es\/wp-json\/wp\/v2\/media?parent=9222"}],"curies":[{"name":"wp","href":"https:\/\/api.w.org\/{rel}","templated":true}]}}