{"id":11379,"date":"2023-12-27T16:44:38","date_gmt":"2023-12-27T15:44:38","guid":{"rendered":"https:\/\/cinemaescola.com\/?page_id=11379"},"modified":"2023-12-27T16:48:40","modified_gmt":"2023-12-27T15:48:40","slug":"pagament-amb-exit-paypal","status":"publish","type":"page","link":"https:\/\/cinemaescola.com\/es\/pagament-amb-exit-paypal\/","title":{"rendered":"Pagament amb \u00e8xit Paypal"},"content":{"rendered":"<div data-elementor-type=\"wp-page\" data-elementor-id=\"11379\" class=\"elementor elementor-11379\" data-elementor-post-type=\"page\">\n\t\t\t\t\t\t<section class=\"elementor-section elementor-top-section elementor-element elementor-element-0e2ccf1 elementor-section-boxed elementor-section-height-default elementor-section-height-default\" data-id=\"0e2ccf1\" data-element_type=\"section\" data-e-type=\"section\">\n\t\t\t\t\t\t<div class=\"elementor-container elementor-column-gap-default\">\n\t\t\t\t\t<div class=\"elementor-column elementor-col-100 elementor-top-column elementor-element elementor-element-bfcc153\" data-id=\"bfcc153\" data-element_type=\"column\" data-e-type=\"column\">\n\t\t\t<div class=\"elementor-widget-wrap elementor-element-populated\">\n\t\t\t\t\t\t<div class=\"elementor-element elementor-element-b8370b6 elementor-widget elementor-widget-spacer\" data-id=\"b8370b6\" data-element_type=\"widget\" data-e-type=\"widget\" data-widget_type=\"spacer.default\">\n\t\t\t\t<div class=\"elementor-widget-container\">\n\t\t\t\t\t\t\t<div class=\"elementor-spacer\">\n\t\t\t<div class=\"elementor-spacer-inner\"><\/div>\n\t\t<\/div>\n\t\t\t\t\t\t<\/div>\n\t\t\t\t<\/div>\n\t\t\t\t\t<\/div>\n\t\t<\/div>\n\t\t\t\t\t<\/div>\n\t\t<\/section>\n\t\t\t\t<section class=\"elementor-section elementor-top-section elementor-element elementor-element-a7d59d7 elementor-section-boxed elementor-section-height-default elementor-section-height-default\" data-id=\"a7d59d7\" data-element_type=\"section\" data-e-type=\"section\">\n\t\t\t\t\t\t<div class=\"elementor-container elementor-column-gap-default\">\n\t\t\t\t\t<div class=\"elementor-column elementor-col-100 elementor-top-column elementor-element elementor-element-8dff212\" data-id=\"8dff212\" data-element_type=\"column\" data-e-type=\"column\">\n\t\t\t<div class=\"elementor-widget-wrap elementor-element-populated\">\n\t\t\t\t\t\t<div class=\"elementor-element elementor-element-61feb8e elementor-widget elementor-widget-heading\" data-id=\"61feb8e\" data-element_type=\"widget\" data-e-type=\"widget\" data-widget_type=\"heading.default\">\n\t\t\t\t<div class=\"elementor-widget-container\">\n\t\t\t\t\t<h2 class=\"elementor-heading-title elementor-size-default\">Felicitats! El teu pagament s'ha registrat amb \u00e9xit.<\/h2>\t\t\t\t<\/div>\n\t\t\t\t<\/div>\n\t\t\t\t<div class=\"elementor-element elementor-element-30b6787 elementor-widget elementor-widget-text-editor\" data-id=\"30b6787\" data-element_type=\"widget\" data-e-type=\"widget\" data-widget_type=\"text-editor.default\">\n\t\t\t\t<div class=\"elementor-widget-container\">\n\t\t\t\t\t\t\t\t\t<p>Ves al <a href=\"https:\/\/cinemaescola.com\/es\/my-account-2\/\">teu perfil<\/a> i comen\u00e7a a gaudir del curs!\u00a0<\/p><p>Atenci\u00f3! Si tens algun problema, o no t&#8217;apareix el teu curs, escriu un correu a formacio@filmsenoff.com o a comunicacio@filmsenoff.cat i t&#8217;ajudarem!<\/p>\t\t\t\t\t\t\t\t<\/div>\n\t\t\t\t<\/div>\n\t\t\t\t<div class=\"elementor-element elementor-element-5897bca elementor-widget elementor-widget-heading\" data-id=\"5897bca\" data-element_type=\"widget\" data-e-type=\"widget\" data-widget_type=\"heading.default\">\n\t\t\t\t<div class=\"elementor-widget-container\">\n\t\t\t\t\t<h2 class=\"elementor-heading-title elementor-size-default\">Benvingut\/da<\/h2>\t\t\t\t<\/div>\n\t\t\t\t<\/div>\n\t\t\t\t\t<\/div>\n\t\t<\/div>\n\t\t\t\t\t<\/div>\n\t\t<\/section>\n\t\t\t\t<\/div>","protected":false},"excerpt":{"rendered":"<p>Felicitats! El teu pagament s&#8217;ha registrat amb \u00e9xit. Ves al teu perfil i comen\u00e7a a gaudir del curs!\u00a0 Atenci\u00f3! Si tens algun problema, o no t&#8217;apareix el teu curs, escriu un correu a formacio@filmsenoff.com o a comunicacio@filmsenoff.cat i t&#8217;ajudarem! Benvingut\/da<\/p>","protected":false},"author":1,"featured_media":0,"parent":0,"menu_order":0,"comment_status":"closed","ping_status":"closed","template":"","meta":{"footnotes":""},"class_list":["post-11379","page","type-page","status-publish","hentry"],"yoast_head":"<!-- This site is optimized with the Yoast SEO plugin v24.7 - https:\/\/yoast.com\/wordpress\/plugins\/seo\/ -->\n<title>Pagament amb \u00e8xit Paypal - Escola de cinema<\/title>\n<meta name=\"robots\" content=\"index, follow, max-snippet:-1, max-image-preview:large, max-video-preview:-1\" \/>\n<link rel=\"canonical\" href=\"https:\/\/cinemaescola.com\/es\/pagament-amb-exit-paypal\/\" \/>\n<meta property=\"og:locale\" content=\"es_ES\" \/>\n<meta property=\"og:type\" content=\"article\" \/>\n<meta property=\"og:title\" content=\"Pagament amb \u00e8xit Paypal - Escola de cinema\" \/>\n<meta property=\"og:description\" content=\"Felicitats! El teu pagament s&#8217;ha registrat amb \u00e9xit. Ves al teu perfil i comen\u00e7a a gaudir del curs!\u00a0 Atenci\u00f3! Si tens algun problema, o no t&#8217;apareix el teu curs, escriu un correu a formacio@filmsenoff.com o a comunicacio@filmsenoff.cat i t&#8217;ajudarem! Benvingut\/da\" \/>\n<meta property=\"og:url\" content=\"https:\/\/cinemaescola.com\/es\/pagament-amb-exit-paypal\/\" \/>\n<meta property=\"og:site_name\" content=\"Escola de cinema\" \/>\n<meta property=\"article:modified_time\" content=\"2023-12-27T15:48:40+00:00\" \/>\n<meta name=\"twitter:card\" content=\"summary_large_image\" \/>\n<script type=\"application\/ld+json\" class=\"yoast-schema-graph\">{\"@context\":\"https:\/\/schema.org\",\"@graph\":[{\"@type\":\"WebPage\",\"@id\":\"https:\/\/cinemaescola.com\/pagament-amb-exit-paypal\/\",\"url\":\"https:\/\/cinemaescola.com\/pagament-amb-exit-paypal\/\",\"name\":\"Pagament amb \u00e8xit Paypal - Escola de cinema\",\"isPartOf\":{\"@id\":\"https:\/\/cinemaescola.com\/#website\"},\"datePublished\":\"2023-12-27T15:44:38+00:00\",\"dateModified\":\"2023-12-27T15:48:40+00:00\",\"breadcrumb\":{\"@id\":\"https:\/\/cinemaescola.com\/pagament-amb-exit-paypal\/#breadcrumb\"},\"inLanguage\":\"es\",\"potentialAction\":[{\"@type\":\"ReadAction\",\"target\":[\"https:\/\/cinemaescola.com\/pagament-amb-exit-paypal\/\"]}]},{\"@type\":\"BreadcrumbList\",\"@id\":\"https:\/\/cinemaescola.com\/pagament-amb-exit-paypal\/#breadcrumb\",\"itemListElement\":[{\"@type\":\"ListItem\",\"position\":1,\"name\":\"Portada\",\"item\":\"https:\/\/cinemaescola.com\/\"},{\"@type\":\"ListItem\",\"position\":2,\"name\":\"Pagament amb \u00e8xit Paypal\"}]},{\"@type\":\"WebSite\",\"@id\":\"https:\/\/cinemaescola.com\/#website\",\"url\":\"https:\/\/cinemaescola.com\/\",\"name\":\"Escola de cinema\",\"description\":\"Cursos per iniciar-se en el m\u00f3n del cinema\",\"potentialAction\":[{\"@type\":\"SearchAction\",\"target\":{\"@type\":\"EntryPoint\",\"urlTemplate\":\"https:\/\/cinemaescola.com\/?s={search_term_string}\"},\"query-input\":{\"@type\":\"PropertyValueSpecification\",\"valueRequired\":true,\"valueName\":\"search_term_string\"}}],\"inLanguage\":\"es\"}]}<\/script>\n<!-- \/ Yoast SEO plugin. -->","yoast_head_json":{"title":"Pagament amb \u00e8xit Paypal - Escola de cinema","robots":{"index":"index","follow":"follow","max-snippet":"max-snippet:-1","max-image-preview":"max-image-preview:large","max-video-preview":"max-video-preview:-1"},"canonical":"https:\/\/cinemaescola.com\/es\/pagament-amb-exit-paypal\/","og_locale":"es_ES","og_type":"article","og_title":"Pagament amb \u00e8xit Paypal - Escola de cinema","og_description":"Felicitats! El teu pagament s&#8217;ha registrat amb \u00e9xit. Ves al teu perfil i comen\u00e7a a gaudir del curs!\u00a0 Atenci\u00f3! Si tens algun problema, o no t&#8217;apareix el teu curs, escriu un correu a formacio@filmsenoff.com o a comunicacio@filmsenoff.cat i t&#8217;ajudarem! Benvingut\/da","og_url":"https:\/\/cinemaescola.com\/es\/pagament-amb-exit-paypal\/","og_site_name":"Escola de cinema","article_modified_time":"2023-12-27T15:48:40+00:00","twitter_card":"summary_large_image","schema":{"@context":"https:\/\/schema.org","@graph":[{"@type":"WebPage","@id":"https:\/\/cinemaescola.com\/pagament-amb-exit-paypal\/","url":"https:\/\/cinemaescola.com\/pagament-amb-exit-paypal\/","name":"Pagament amb \u00e8xit Paypal - Escola de cinema","isPartOf":{"@id":"https:\/\/cinemaescola.com\/#website"},"datePublished":"2023-12-27T15:44:38+00:00","dateModified":"2023-12-27T15:48:40+00:00","breadcrumb":{"@id":"https:\/\/cinemaescola.com\/pagament-amb-exit-paypal\/#breadcrumb"},"inLanguage":"es","potentialAction":[{"@type":"ReadAction","target":["https:\/\/cinemaescola.com\/pagament-amb-exit-paypal\/"]}]},{"@type":"BreadcrumbList","@id":"https:\/\/cinemaescola.com\/pagament-amb-exit-paypal\/#breadcrumb","itemListElement":[{"@type":"ListItem","position":1,"name":"Portada","item":"https:\/\/cinemaescola.com\/"},{"@type":"ListItem","position":2,"name":"Pagament amb \u00e8xit Paypal"}]},{"@type":"WebSite","@id":"https:\/\/cinemaescola.com\/#website","url":"https:\/\/cinemaescola.com\/","name":"Escola de cinema","description":"Cursos per iniciar-se en el m\u00f3n del cinema","potentialAction":[{"@type":"SearchAction","target":{"@type":"EntryPoint","urlTemplate":"https:\/\/cinemaescola.com\/?s={search_term_string}"},"query-input":{"@type":"PropertyValueSpecification","valueRequired":true,"valueName":"search_term_string"}}],"inLanguage":"es"}]}},"_links":{"self":[{"href":"https:\/\/cinemaescola.com\/es\/wp-json\/wp\/v2\/pages\/11379","targetHints":{"allow":["GET"]}}],"collection":[{"href":"https:\/\/cinemaescola.com\/es\/wp-json\/wp\/v2\/pages"}],"about":[{"href":"https:\/\/cinemaescola.com\/es\/wp-json\/wp\/v2\/types\/page"}],"author":[{"embeddable":true,"href":"https:\/\/cinemaescola.com\/es\/wp-json\/wp\/v2\/users\/1"}],"replies":[{"embeddable":true,"href":"https:\/\/cinemaescola.com\/es\/wp-json\/wp\/v2\/comments?post=11379"}],"version-history":[{"count":7,"href":"https:\/\/cinemaescola.com\/es\/wp-json\/wp\/v2\/pages\/11379\/revisions"}],"predecessor-version":[{"id":11386,"href":"https:\/\/cinemaescola.com\/es\/wp-json\/wp\/v2\/pages\/11379\/revisions\/11386"}],"wp:attachment":[{"href":"https:\/\/cinemaescola.com\/es\/wp-json\/wp\/v2\/media?parent=11379"}],"curies":[{"name":"wp","href":"https:\/\/api.w.org\/{rel}","templated":true}]}}